{"id":7940,"date":"2025-11-14T10:39:04","date_gmt":"2025-11-14T10:39:04","guid":{"rendered":"https:\/\/autoforumlintel.de\/?page_id=7940"},"modified":"2025-11-14T10:59:46","modified_gmt":"2025-11-14T10:59:46","slug":"impressum","status":"publish","type":"page","link":"https:\/\/autoforumlintel.de\/en\/impressum\/","title":{"rendered":"Imprint"},"content":{"rendered":"<div data-elementor-type=\"wp-page\" data-elementor-id=\"7940\" class=\"elementor elementor-7940\">\n\t\t\t\t\t\t<section class=\"elementor-section elementor-top-section elementor-element elementor-element-6370cb9 elementor-section-boxed elementor-section-height-default elementor-section-height-default sc_fly_static\" data-id=\"6370cb9\" data-element_type=\"section\" data-e-type=\"section\" data-settings=\"{&quot;background_background&quot;:&quot;classic&quot;}\">\n\t\t\t\t\t\t<div class=\"elementor-container elementor-column-gap-extended\">\n\t\t\t\t\t<div class=\"elementor-column elementor-col-100 elementor-top-column elementor-element elementor-element-b8c2fbf sc_content_align_inherit sc_layouts_column_icons_position_left sc_fly_static\" data-id=\"b8c2fbf\" data-element_type=\"column\" data-e-type=\"column\">\n\t\t\t<div class=\"elementor-widget-wrap elementor-element-populated\">\n\t\t\t\t\t\t<div class=\"elementor-element elementor-element-adee39a sc_fly_static elementor-widget elementor-widget-text-editor\" data-id=\"adee39a\" data-element_type=\"widget\" data-e-type=\"widget\" data-widget_type=\"text-editor.default\">\n\t\t\t\t<div class=\"elementor-widget-container\">\n\t\t\t\t\t\t\t\t\t<h4>\u00a0<\/h4><h4>ANGABEN GEM\u00c4SS \u00a7 5 TMG<\/h4><p>Auto Forum Lintel<br \/>Sezgin S\u00f6zen<br \/>Kupferstra\u00dfe 24A<br \/>DE-33378 Rheda-Wiedenbr\u00fcck<\/p><h4>KONTAKT<\/h4><p>Mobil: +49 160 7771510<br \/>E-Mail: <a href=\"mailto:info@autoforumlintel.de\">info@autoforumlintel.de<\/a><\/p><h4>UST-IDNR<\/h4><p>Umsatzsteuer-Identifikationsnummer gem\u00e4\u00df \u00a7 27 a Umsatzsteuergesetz:<br \/>DE 305 161 889<br \/>Steuernummer: 347\/5263\/1800<\/p><h4>HAFTUNGS- UND SCHUTZRECHTSHINWEISE<\/h4><p>Trotz sorgf\u00e4ltiger inhaltlicher Kontrolle \u00fcbernehmen wir keine Haftung f\u00fcr die Inhalte externer Links.<br \/>F\u00fcr den Inhalt der verlinkten Seiten sind ausschlie\u00dflich deren Betreiber verantwortlich.<\/p><p>Diese Internetseite wurde mit gr\u00f6\u00dftm\u00f6glicher Sorgfalt zusammengestellt.<br \/>Trotzdem kann keine Gew\u00e4hr f\u00fcr die Fehlerfreiheit und Genauigkeit der enthaltenen Informationen \u00fcbernommen werden.<br \/>Jegliche Haftung f\u00fcr Sch\u00e4den, die direkt oder indirekt aus der Nutzung dieser Internetseite entstehen, wird ausgeschlossen,<br \/>soweit diese nicht auf Vorsatz oder grober Fahrl\u00e4ssigkeit beruhen.<\/p><p>Alle auf unseren Seiten verwendete Marken-Logos, Symbole, Bilder, Designs, Produkt- und Unternehmensbezeichnungen sind<br \/>durch Urheber-, Marken-, Designrechte und andere Rechte gesch\u00fctzt und d\u00fcrfen unter keinen Umst\u00e4nden von Dritten verwendet,<br \/>vervielf\u00e4ltigt oder sonst in irgendeiner Form genutzt werden.<\/p><h4>Bildnachweis<\/h4><p>Die auf dieser Website verwendeten kostenlosen Grafiken stammen von Freepik:<br \/>\u201eDesigned by Freepik\u201c \u2013<br \/><a href=\"https:\/\/www.freepik.com\" target=\"_blank\" rel=\"noopener noreferrer\">www.freepik.com<\/a><\/p><p>Die auf dieser Website verwendeten kostenlosen Icons stammen teils von Flaticon:<br \/>\u201eDesigned by Flaticon\u201c \u2013<br \/><a href=\"https:\/\/www.flaticon.com\/\" target=\"_blank\" rel=\"noopener noreferrer\">https:\/\/www.flaticon.com\/<\/a><\/p><h4>URHEBERRECHT<\/h4><p>Die durch die Seitenbetreiber erstellten Inhalte und Werke auf diesen Seiten unterliegen dem deutschen Urheberrecht.<br \/>Die Vervielf\u00e4ltigung, Bearbeitung, Verbreitung und jede Art der Verwertung au\u00dferhalb der Grenzen des Urheberrechtes<br \/>bed\u00fcrfen der schriftlichen Zustimmung des jeweiligen Autors bzw. Erstellers.<\/p><p>Downloads und Kopien dieser Seite sind nur f\u00fcr den privaten, nicht kommerziellen Gebrauch gestattet.<br \/>Soweit die Inhalte auf dieser Seite nicht vom Betreiber erstellt wurden, werden die Urheberrechte Dritter beachtet.<br \/>Insbesondere werden Inhalte Dritter als solche gekennzeichnet.<\/p><p>Sollten Sie trotzdem auf eine Urheberrechtsverletzung aufmerksam werden, bitten wir um einen entsprechenden Hinweis.<br \/>Bei Bekanntwerden von Rechtsverletzungen werden wir derartige Inhalte umgehend entfernen.<\/p><h4>ONLINE-STREITBEILEGUNG<\/h4><p>Informationen zur Online-Streitbeilegung:<br \/>Die Europ\u00e4ische Kommission stellt eine Plattform zur Online-Streitbeilegung (OS) bereit,<br \/>die Sie unter<br \/><a href=\"https:\/\/ec.europa.eu\/consumers\/odr\/\" target=\"_blank\" rel=\"noopener noreferrer\"><br \/>https:\/\/ec.europa.eu\/consumers\/odr\/<br \/><\/a><br \/>finden.<\/p><p>Streitbeilegungsverfahren:<br \/>Zur Teilnahme an einem Streitbeilegungsverfahren vor einer Verbraucherschlichtungsstelle<br \/>sind wir nicht verpflichtet und nicht bereit.<\/p>\t\t\t\t\t\t\t\t<\/div>\n\t\t\t\t<\/div>\n\t\t\t\t\t<\/div>\n\t\t<\/div>\n\t\t\t\t\t<\/div>\n\t\t<\/section>\n\t\t\t\t<\/div>","protected":false},"excerpt":{"rendered":"<p>\u00a0 ANGABEN GEM\u00c4SS \u00a7 5 TMG Auto Forum LintelSezgin S\u00f6zenKupferstra\u00dfe 24ADE-33378 Rheda-Wiedenbr\u00fcck KONTAKT Mobil: +49 160 7771510E-Mail: info@autoforumlintel.de UST-IDNR Umsatzsteuer-Identifikationsnummer gem\u00e4\u00df \u00a7 27 a Umsatzsteuergesetz:DE 305 161 889Steuernummer: 347\/5263\/1800 HAFTUNGS-&hellip;<\/p>","protected":false},"author":1,"featured_media":0,"parent":0,"menu_order":0,"comment_status":"closed","ping_status":"closed","template":"","meta":{"footnotes":""},"class_list":["post-7940","page","type-page","status-publish","hentry"],"yoast_head":"<!-- This site is optimized with the Yoast SEO plugin v27.3 - https:\/\/yoast.com\/product\/yoast-seo-wordpress\/ -->\n<title>Impressum | Auto Forum Lintel<\/title>\n<meta name=\"robots\" content=\"index, follow, max-snippet:-1, max-image-preview:large, max-video-preview:-1\" \/>\n<link rel=\"canonical\" href=\"https:\/\/autoforumlintel.de\/en\/impressum\/\" \/>\n<meta property=\"og:locale\" content=\"en_US\" \/>\n<meta property=\"og:type\" content=\"article\" \/>\n<meta property=\"og:title\" content=\"Impressum | Auto Forum Lintel\" \/>\n<meta property=\"og:description\" content=\"\u00a0 ANGABEN GEM\u00c4SS \u00a7 5 TMG Auto Forum LintelSezgin S\u00f6zenKupferstra\u00dfe 24ADE-33378 Rheda-Wiedenbr\u00fcck KONTAKT Mobil: +49 160 7771510E-Mail: info@autoforumlintel.de UST-IDNR Umsatzsteuer-Identifikationsnummer gem\u00e4\u00df \u00a7 27 a Umsatzsteuergesetz:DE 305 161 889Steuernummer: 347\/5263\/1800 HAFTUNGS-&hellip;\" \/>\n<meta property=\"og:url\" content=\"https:\/\/autoforumlintel.de\/en\/impressum\/\" \/>\n<meta property=\"og:site_name\" content=\"Auto Forum Lintel\" \/>\n<meta property=\"article:modified_time\" content=\"2025-11-14T10:59:46+00:00\" \/>\n<meta property=\"og:image\" content=\"https:\/\/autoforumlintel.de\/wp-content\/uploads\/2025\/10\/WhatsApp-Bild-2025-10-26-um-22.19.01_f4222686-scaled.jpg\" \/>\n\t<meta property=\"og:image:width\" content=\"2560\" \/>\n\t<meta property=\"og:image:height\" content=\"1920\" \/>\n\t<meta property=\"og:image:type\" content=\"image\/jpeg\" \/>\n<meta name=\"twitter:card\" content=\"summary_large_image\" \/>\n<meta name=\"twitter:label1\" content=\"Est. reading time\" \/>\n\t<meta name=\"twitter:data1\" content=\"2 minutes\" \/>\n<script type=\"application\/ld+json\" class=\"yoast-schema-graph\">{\"@context\":\"https:\\\/\\\/schema.org\",\"@graph\":[{\"@type\":\"WebPage\",\"@id\":\"https:\\\/\\\/autoforumlintel.de\\\/impressum\\\/\",\"url\":\"https:\\\/\\\/autoforumlintel.de\\\/impressum\\\/\",\"name\":\"Impressum | Auto Forum Lintel\",\"isPartOf\":{\"@id\":\"https:\\\/\\\/autoforumlintel.de\\\/#website\"},\"datePublished\":\"2025-11-14T10:39:04+00:00\",\"dateModified\":\"2025-11-14T10:59:46+00:00\",\"breadcrumb\":{\"@id\":\"https:\\\/\\\/autoforumlintel.de\\\/impressum\\\/#breadcrumb\"},\"inLanguage\":\"en-US\",\"potentialAction\":[{\"@type\":\"ReadAction\",\"target\":[\"https:\\\/\\\/autoforumlintel.de\\\/impressum\\\/\"]}]},{\"@type\":\"BreadcrumbList\",\"@id\":\"https:\\\/\\\/autoforumlintel.de\\\/impressum\\\/#breadcrumb\",\"itemListElement\":[{\"@type\":\"ListItem\",\"position\":1,\"name\":\"Startseite\",\"item\":\"https:\\\/\\\/autoforumlintel.de\\\/\"},{\"@type\":\"ListItem\",\"position\":2,\"name\":\"Impressum\"}]},{\"@type\":\"WebSite\",\"@id\":\"https:\\\/\\\/autoforumlintel.de\\\/#website\",\"url\":\"https:\\\/\\\/autoforumlintel.de\\\/\",\"name\":\"Auto Forum Lintel\",\"description\":\"Ihr Gebrauchtwagenh&auml;ndler in Rheda-Wiedenbr&uuml;ck\",\"publisher\":{\"@id\":\"https:\\\/\\\/autoforumlintel.de\\\/#organization\"},\"potentialAction\":[{\"@type\":\"SearchAction\",\"target\":{\"@type\":\"EntryPoint\",\"urlTemplate\":\"https:\\\/\\\/autoforumlintel.de\\\/?s={search_term_string}\"},\"query-input\":{\"@type\":\"PropertyValueSpecification\",\"valueRequired\":true,\"valueName\":\"search_term_string\"}}],\"inLanguage\":\"en-US\"},{\"@type\":\"Organization\",\"@id\":\"https:\\\/\\\/autoforumlintel.de\\\/#organization\",\"name\":\"Autoforum Lintel\",\"url\":\"https:\\\/\\\/autoforumlintel.de\\\/\",\"logo\":{\"@type\":\"ImageObject\",\"inLanguage\":\"en-US\",\"@id\":\"https:\\\/\\\/autoforumlintel.de\\\/#\\\/schema\\\/logo\\\/image\\\/\",\"url\":\"https:\\\/\\\/autoforumlintel.de\\\/wp-content\\\/uploads\\\/2025\\\/10\\\/logo-2.png\",\"contentUrl\":\"https:\\\/\\\/autoforumlintel.de\\\/wp-content\\\/uploads\\\/2025\\\/10\\\/logo-2.png\",\"width\":2106,\"height\":891,\"caption\":\"Autoforum Lintel\"},\"image\":{\"@id\":\"https:\\\/\\\/autoforumlintel.de\\\/#\\\/schema\\\/logo\\\/image\\\/\"},\"sameAs\":[\"https:\\\/\\\/www.instagram.com\\\/autoforumlintel\"]}]}<\/script>\n<!-- \/ Yoast SEO plugin. -->","yoast_head_json":{"title":"Impressum | Auto Forum Lintel","robots":{"index":"index","follow":"follow","max-snippet":"max-snippet:-1","max-image-preview":"max-image-preview:large","max-video-preview":"max-video-preview:-1"},"canonical":"https:\/\/autoforumlintel.de\/en\/impressum\/","og_locale":"en_US","og_type":"article","og_title":"Impressum | Auto Forum Lintel","og_description":"\u00a0 ANGABEN GEM\u00c4SS \u00a7 5 TMG Auto Forum LintelSezgin S\u00f6zenKupferstra\u00dfe 24ADE-33378 Rheda-Wiedenbr\u00fcck KONTAKT Mobil: +49 160 7771510E-Mail: info@autoforumlintel.de UST-IDNR Umsatzsteuer-Identifikationsnummer gem\u00e4\u00df \u00a7 27 a Umsatzsteuergesetz:DE 305 161 889Steuernummer: 347\/5263\/1800 HAFTUNGS-&hellip;","og_url":"https:\/\/autoforumlintel.de\/en\/impressum\/","og_site_name":"Auto Forum Lintel","article_modified_time":"2025-11-14T10:59:46+00:00","og_image":[{"width":2560,"height":1920,"url":"https:\/\/autoforumlintel.de\/wp-content\/uploads\/2025\/10\/WhatsApp-Bild-2025-10-26-um-22.19.01_f4222686-scaled.jpg","type":"image\/jpeg"}],"twitter_card":"summary_large_image","twitter_misc":{"Est. reading time":"2 minutes"},"schema":{"@context":"https:\/\/schema.org","@graph":[{"@type":"WebPage","@id":"https:\/\/autoforumlintel.de\/impressum\/","url":"https:\/\/autoforumlintel.de\/impressum\/","name":"Impressum | Auto Forum Lintel","isPartOf":{"@id":"https:\/\/autoforumlintel.de\/#website"},"datePublished":"2025-11-14T10:39:04+00:00","dateModified":"2025-11-14T10:59:46+00:00","breadcrumb":{"@id":"https:\/\/autoforumlintel.de\/impressum\/#breadcrumb"},"inLanguage":"en-US","potentialAction":[{"@type":"ReadAction","target":["https:\/\/autoforumlintel.de\/impressum\/"]}]},{"@type":"BreadcrumbList","@id":"https:\/\/autoforumlintel.de\/impressum\/#breadcrumb","itemListElement":[{"@type":"ListItem","position":1,"name":"Startseite","item":"https:\/\/autoforumlintel.de\/"},{"@type":"ListItem","position":2,"name":"Impressum"}]},{"@type":"WebSite","@id":"https:\/\/autoforumlintel.de\/#website","url":"https:\/\/autoforumlintel.de\/","name":"Auto Forum Lintel","description":"Ihr Gebrauchtwagenh&auml;ndler in Rheda-Wiedenbr&uuml;ck","publisher":{"@id":"https:\/\/autoforumlintel.de\/#organization"},"potentialAction":[{"@type":"SearchAction","target":{"@type":"EntryPoint","urlTemplate":"https:\/\/autoforumlintel.de\/?s={search_term_string}"},"query-input":{"@type":"PropertyValueSpecification","valueRequired":true,"valueName":"search_term_string"}}],"inLanguage":"en-US"},{"@type":"Organization","@id":"https:\/\/autoforumlintel.de\/#organization","name":"Autoforum Lintel","url":"https:\/\/autoforumlintel.de\/","logo":{"@type":"ImageObject","inLanguage":"en-US","@id":"https:\/\/autoforumlintel.de\/#\/schema\/logo\/image\/","url":"https:\/\/autoforumlintel.de\/wp-content\/uploads\/2025\/10\/logo-2.png","contentUrl":"https:\/\/autoforumlintel.de\/wp-content\/uploads\/2025\/10\/logo-2.png","width":2106,"height":891,"caption":"Autoforum Lintel"},"image":{"@id":"https:\/\/autoforumlintel.de\/#\/schema\/logo\/image\/"},"sameAs":["https:\/\/www.instagram.com\/autoforumlintel"]}]}},"_links":{"self":[{"href":"https:\/\/autoforumlintel.de\/en\/wp-json\/wp\/v2\/pages\/7940","targetHints":{"allow":["GET"]}}],"collection":[{"href":"https:\/\/autoforumlintel.de\/en\/wp-json\/wp\/v2\/pages"}],"about":[{"href":"https:\/\/autoforumlintel.de\/en\/wp-json\/wp\/v2\/types\/page"}],"author":[{"embeddable":true,"href":"https:\/\/autoforumlintel.de\/en\/wp-json\/wp\/v2\/users\/1"}],"replies":[{"embeddable":true,"href":"https:\/\/autoforumlintel.de\/en\/wp-json\/wp\/v2\/comments?post=7940"}],"version-history":[{"count":19,"href":"https:\/\/autoforumlintel.de\/en\/wp-json\/wp\/v2\/pages\/7940\/revisions"}],"predecessor-version":[{"id":7962,"href":"https:\/\/autoforumlintel.de\/en\/wp-json\/wp\/v2\/pages\/7940\/revisions\/7962"}],"wp:attachment":[{"href":"https:\/\/autoforumlintel.de\/en\/wp-json\/wp\/v2\/media?parent=7940"}],"curies":[{"name":"wp","href":"https:\/\/api.w.org\/{rel}","templated":true}]}}