{"id":7346,"date":"2025-11-13T05:45:39","date_gmt":"2025-11-13T05:45:39","guid":{"rendered":"https:\/\/autoforumlintel.de\/?page_id=7346"},"modified":"2025-11-13T11:20:35","modified_gmt":"2025-11-13T11:20:35","slug":"kontakt","status":"publish","type":"page","link":"https:\/\/autoforumlintel.de\/en\/kontakt\/","title":{"rendered":"Contact us"},"content":{"rendered":"<div data-elementor-type=\"wp-page\" data-elementor-id=\"7346\" class=\"elementor elementor-7346\">\n\t\t\t\t\t\t<section class=\"elementor-section elementor-top-section elementor-element elementor-element-f531b85 elementor-section-full_width elementor-section-height-default elementor-section-height-default sc_fly_static\" data-id=\"f531b85\" data-element_type=\"section\" data-e-type=\"section\">\n\t\t\t\t\t\t<div class=\"elementor-container elementor-column-gap-default\">\n\t\t\t\t\t<div class=\"elementor-column elementor-col-100 elementor-top-column elementor-element elementor-element-0bd9e84 sc_content_align_inherit sc_layouts_column_icons_position_left sc_fly_static\" data-id=\"0bd9e84\" data-element_type=\"column\" data-e-type=\"column\">\n\t\t\t<div class=\"elementor-widget-wrap elementor-element-populated\">\n\t\t\t\t\t\t<div class=\"elementor-element elementor-element-81c3da4 sc_fly_static elementor-widget elementor-widget-image\" data-id=\"81c3da4\" data-element_type=\"widget\" data-e-type=\"widget\" data-widget_type=\"image.default\">\n\t\t\t\t<div class=\"elementor-widget-container\">\n\t\t\t\t\t\t\t\t\t\t\t\t\t\t\t<img fetchpriority=\"high\" decoding=\"async\" width=\"2556\" height=\"853\" src=\"https:\/\/autoforumlintel.de\/wp-content\/uploads\/2025\/11\/stylish-businessman-working-near-car-scaled-e1763013640199.jpg\" class=\"attachment-full size-full wp-image-7351\" alt=\"\" srcset=\"https:\/\/autoforumlintel.de\/wp-content\/uploads\/2025\/11\/stylish-businessman-working-near-car-scaled-e1763013640199.jpg 2556w, https:\/\/autoforumlintel.de\/wp-content\/uploads\/2025\/11\/stylish-businessman-working-near-car-scaled-e1763013640199-300x100.jpg 300w, https:\/\/autoforumlintel.de\/wp-content\/uploads\/2025\/11\/stylish-businessman-working-near-car-scaled-e1763013640199-1024x342.jpg 1024w, https:\/\/autoforumlintel.de\/wp-content\/uploads\/2025\/11\/stylish-businessman-working-near-car-scaled-e1763013640199-768x256.jpg 768w, https:\/\/autoforumlintel.de\/wp-content\/uploads\/2025\/11\/stylish-businessman-working-near-car-scaled-e1763013640199-1536x513.jpg 1536w, https:\/\/autoforumlintel.de\/wp-content\/uploads\/2025\/11\/stylish-businessman-working-near-car-scaled-e1763013640199-2048x683.jpg 2048w, https:\/\/autoforumlintel.de\/wp-content\/uploads\/2025\/11\/stylish-businessman-working-near-car-scaled-e1763013640199-370x123.jpg 370w, https:\/\/autoforumlintel.de\/wp-content\/uploads\/2025\/11\/stylish-businessman-working-near-car-scaled-e1763013640199-840x280.jpg 840w, https:\/\/autoforumlintel.de\/wp-content\/uploads\/2025\/11\/stylish-businessman-working-near-car-scaled-e1763013640199-410x137.jpg 410w\" sizes=\"(max-width: 2556px) 100vw, 2556px\" \/>\t\t\t\t\t\t\t\t\t\t\t\t\t\t\t<\/div>\n\t\t\t\t<\/div>\n\t\t\t\t\t<\/div>\n\t\t<\/div>\n\t\t\t\t\t<\/div>\n\t\t<\/section>\n\t\t\t\t<section class=\"elementor-section elementor-top-section elementor-element elementor-element-eff4e28 elementor-section-boxed elementor-section-height-default elementor-section-height-default sc_fly_static\" data-id=\"eff4e28\" data-element_type=\"section\" data-e-type=\"section\">\n\t\t\t\t\t\t<div class=\"elementor-container elementor-column-gap-extended\">\n\t\t\t\t\t<div class=\"elementor-column elementor-col-50 elementor-top-column elementor-element elementor-element-c428633 sc_content_align_inherit sc_layouts_column_icons_position_left sc_fly_static\" data-id=\"c428633\" data-element_type=\"column\" data-e-type=\"column\">\n\t\t\t<div class=\"elementor-widget-wrap elementor-element-populated\">\n\t\t\t\t\t\t<div data-animation-type=\"block\" class=\"elementor-element elementor-element-7888d8a animation_type_block sc_fly_static elementor-invisible elementor-widget elementor-widget-trx_sc_title\" data-id=\"7888d8a\" data-element_type=\"widget\" data-e-type=\"widget\" data-settings=\"{&quot;_animation&quot;:&quot;carz-fadeinup&quot;}\" data-widget_type=\"trx_sc_title.default\">\n\t\t\t\t<div class=\"elementor-widget-container\">\n\t\t\t\t\t<div\t\tclass=\"sc_title sc_title_default\" ><h1 class=\"sc_item_title sc_title_title sc_item_title_style_default sc_item_title_tag\"\n\t\t\t><span class=\"sc_item_title_text\">Fragen? Nehmen Sie Kontakt mit uns auf!<\/span><\/h1><div class=\"sc_item_descr sc_title_descr\"><p>Sie interessieren sich f\u00fcr eines unserer Fahrzeuge oder haben Fragen zu Ankauf, Inzahlungnahme oder Finanzierung? Sie k\u00f6nnen uns per E-Mail, telefonisch oder ganz einfach \u00fcber unser Kontaktformular erreichen, wir melden uns schnellstm\u00f6glich bei Ihnen.<\/p>\n<\/div><\/div>\t\t\t\t<\/div>\n\t\t\t\t<\/div>\n\t\t\t\t<div class=\"elementor-element elementor-element-9875f84 sc_fly_static elementor-widget elementor-widget-spacer\" data-id=\"9875f84\" data-element_type=\"widget\" data-e-type=\"widget\" data-widget_type=\"spacer.default\">\n\t\t\t\t<div class=\"elementor-widget-container\">\n\t\t\t\t\t\t\t<div class=\"elementor-spacer\">\n\t\t\t<div class=\"elementor-spacer-inner\"><\/div>\n\t\t<\/div>\n\t\t\t\t\t\t<\/div>\n\t\t\t\t<\/div>\n\t\t\t\t<div data-animation-type=\"block\" class=\"elementor-element elementor-element-6431530 animation_type_block sc_fly_static elementor-invisible elementor-widget elementor-widget-trx_sc_icons\" data-id=\"6431530\" data-element_type=\"widget\" data-e-type=\"widget\" data-settings=\"{&quot;_animation&quot;:&quot;carz-fadeinup&quot;,&quot;_animation_delay&quot;:100}\" data-widget_type=\"trx_sc_icons.default\">\n\t\t\t\t<div class=\"elementor-widget-container\">\n\t\t\t\t\t<div \tclass=\"sc_icons color_style_link2 sc_icons_bordered sc_icons_size_small sc_align_none\" ><div class=\"sc_icons_item sc_icons_item_linked\"><div class=\"sc_icons_icon sc_icon_type_ icon-marker\" style=\"color: #FFFFFF\" ><span class=\"sc_icon_type_ icon-marker\" style=\"color: #FFFFFF\"><\/span><\/div><div class=\"sc_icons_item_details\"><h4 class=\"sc_icons_item_title\"><a href=\"https:\/\/www.google.com\/maps?q=Kupferstra\u00dfe+24a,+33378+Rheda-Wiedenbr\u00fcck\">\n                                    Autohaus                                    <\/a><\/h4><div class=\"sc_icons_item_description\"><span>Kupferstra\u00dfe 24a, <br> 33378 Rheda-Wiedenbr\u00fcck<\/span><\/div><a href=\"https:\/\/www.google.com\/maps?q=Kupferstra\u00dfe+24a,+33378+Rheda-Wiedenbr\u00fcck\"\n                        class=\"sc_icons_item_link\">\n                        <\/a><\/div><\/div><div class=\"sc_icons_item sc_icons_item_linked\"><div class=\"sc_icons_icon sc_icon_type_ icon-iphone\" style=\"color: #FFFFFF\" ><span class=\"sc_icon_type_ icon-iphone\" style=\"color: #FFFFFF\"><\/span><\/div><div class=\"sc_icons_item_details\"><h4 class=\"sc_icons_item_title\"><a href=\"tel:+491607771510\">\n                                    Mobil                                    <\/a><\/h4><div class=\"sc_icons_item_description\"><span>+49 160 7771510<\/span><\/div><a href=\"tel:+491607771510\"\n                        class=\"sc_icons_item_link\">\n                        <\/a><\/div><\/div><div class=\"sc_icons_item sc_icons_item_linked\"><div class=\"sc_icons_icon sc_icon_type_ icon-envelope-2\" style=\"color: #FFFFFF\" ><span class=\"sc_icon_type_ icon-envelope-2\" style=\"color: #FFFFFF\"><\/span><\/div><div class=\"sc_icons_item_details\"><h4 class=\"sc_icons_item_title\"><a href=\"mailto:info@autoforum-lintel.de\">\n                                    email                                    <\/a><\/h4><div class=\"sc_icons_item_description\"><span>info@autoforum-lintel.de<\/span><\/div><a href=\"mailto:info@autoforum-lintel.de\"\n                        class=\"sc_icons_item_link\">\n                        <\/a><\/div><\/div><\/div><!-- \/.sc_icons -->\t\t\t\t<\/div>\n\t\t\t\t<\/div>\n\t\t\t\t<div class=\"elementor-element elementor-element-176e786 sc_fly_static elementor-widget elementor-widget-spacer\" data-id=\"176e786\" data-element_type=\"widget\" data-e-type=\"widget\" data-widget_type=\"spacer.default\">\n\t\t\t\t<div class=\"elementor-widget-container\">\n\t\t\t\t\t\t\t<div class=\"elementor-spacer\">\n\t\t\t<div class=\"elementor-spacer-inner\"><\/div>\n\t\t<\/div>\n\t\t\t\t\t\t<\/div>\n\t\t\t\t<\/div>\n\t\t\t\t\t<\/div>\n\t\t<\/div>\n\t\t\t\t<div class=\"elementor-column elementor-col-50 elementor-top-column elementor-element elementor-element-0f203fe sc_content_align_inherit sc_layouts_column_icons_position_left sc_fly_static\" data-id=\"0f203fe\" data-element_type=\"column\" data-e-type=\"column\">\n\t\t\t<div class=\"elementor-widget-wrap elementor-element-populated\">\n\t\t\t\t\t\t<div class=\"elementor-element elementor-element-3013eeb sc_fly_static elementor-widget elementor-widget-trx_sc_contact_form_7\" data-id=\"3013eeb\" data-element_type=\"widget\" data-e-type=\"widget\" data-widget_type=\"trx_sc_contact_form_7.default\">\n\t\t\t\t<div class=\"elementor-widget-container\">\n\t\t\t\t\t\n<div class=\"wpcf7 no-js\" id=\"wpcf7-f238-o1\" lang=\"en-US\" dir=\"ltr\" data-wpcf7-id=\"238\">\n<div class=\"screen-reader-response\"><p role=\"status\" aria-live=\"polite\" aria-atomic=\"true\"><\/p> <ul><\/ul><\/div>\n<form action=\"\/en\/wp-json\/wp\/v2\/pages\/7346#wpcf7-f238-o1\" method=\"post\" class=\"wpcf7-form init\" aria-label=\"Contact form\" novalidate=\"novalidate\" data-status=\"init\" data-trp-original-action=\"\/en\/wp-json\/wp\/v2\/pages\/7346#wpcf7-f238-o1\">\n<fieldset class=\"hidden-fields-container\"><input type=\"hidden\" name=\"_wpcf7\" value=\"238\" \/><input type=\"hidden\" name=\"_wpcf7_version\" value=\"6.1.5\" \/><input type=\"hidden\" name=\"_wpcf7_locale\" value=\"en_US\" \/><input type=\"hidden\" name=\"_wpcf7_unit_tag\" value=\"wpcf7-f238-o1\" \/><input type=\"hidden\" name=\"_wpcf7_container_post\" value=\"0\" \/><input type=\"hidden\" name=\"_wpcf7_posted_data_hash\" value=\"\" \/>\n<\/fieldset>\n<div class=\"form-style-1\">\n\t<div class=\"columns_wrap\">\n\t\t<div class=\"column-1_2\">\n\t\t\t<p><span class=\"style-line icon-name\"><span class=\"wpcf7-form-control-wrap\" data-name=\"your-name\"><input size=\"40\" maxlength=\"400\" class=\"wpcf7-form-control wpcf7-text wpcf7-validates-as-required\" aria-required=\"true\" aria-invalid=\"false\" placeholder=\"Name\" value=\"\" type=\"text\" name=\"your-name\" \/><\/span><\/span>\n\t\t\t<\/p>\n\t\t<\/div>\n\t\t<div class=\"column-1_2\">\n\t\t\t<p><span class=\"style-line icon-email\"><span class=\"wpcf7-form-control-wrap\" data-name=\"your-email\"><input size=\"40\" maxlength=\"400\" class=\"wpcf7-form-control wpcf7-email wpcf7-validates-as-required wpcf7-text wpcf7-validates-as-email\" aria-required=\"true\" aria-invalid=\"false\" placeholder=\"email\" value=\"\" type=\"email\" name=\"your-email\" \/><\/span><\/span>\n\t\t\t<\/p>\n\t\t<\/div>\n\t<\/div>\n\t<div class=\"columns_wrap\">\n\t\t<div class=\"column-1_2\">\n\t\t\t<p><span class=\"style-line icon-phone\"><span class=\"wpcf7-form-control-wrap\" data-name=\"phone\"><input size=\"40\" maxlength=\"400\" class=\"wpcf7-form-control wpcf7-tel wpcf7-validates-as-required wpcf7-text wpcf7-validates-as-tel\" aria-required=\"true\" aria-invalid=\"false\" placeholder=\"Telephone\" value=\"\" type=\"tel\" name=\"phone\" \/><\/span><\/span>\n\t\t\t<\/p>\n\t\t<\/div>\n\t\t<div class=\"column-1_2\">\n\t\t\t<p><span class=\"style-line icon-subject\"><span class=\"wpcf7-form-control-wrap\" data-name=\"subject\"><select class=\"wpcf7-form-control wpcf7-select wpcf7-validates-as-required\" aria-required=\"true\" aria-invalid=\"false\" name=\"subject\"><option value=\"Service w\u00e4hlen\">Select service<\/option><option value=\"Beratung\">Consulting<\/option><option value=\"Ankauf\/Inzahlungnahme\">Purchase\/trade-in<\/option><option value=\"Formalit\u00e4ten\">Formalities<\/option><option value=\"Finanzierung\">Financing<\/option><option value=\"Transport\">Transportation<\/option><option value=\"Aufbereitung\">Preparation<\/option><\/select><\/span><\/span>\n\t\t\t<\/p>\n\t\t<\/div>\n\t<\/div>\n<\/div>\n<div class=\"columns_wrap margin-bottom\">\n\t<div class=\"column-1_1\">\n\t\t<p><span class=\"style-line icon-textarea\"><span class=\"wpcf7-form-control-wrap\" data-name=\"your-message\"><textarea cols=\"40\" rows=\"10\" maxlength=\"2000\" class=\"wpcf7-form-control wpcf7-textarea wpcf7-validates-as-required\" aria-required=\"true\" aria-invalid=\"false\" placeholder=\"Description...\" name=\"your-message\"><\/textarea><\/span><\/span>\n\t\t<\/p>\n\t<\/div>\n<\/div>\n<p><input class=\"wpcf7-form-control wpcf7-submit has-spinner service-submit\" type=\"submit\" value=\"Sending\" \/><span class=\"wpcf7-form-control-wrap\" data-name=\"acceptance\"><span class=\"wpcf7-form-control wpcf7-acceptance\"><span class=\"wpcf7-list-item\"><label><input type=\"checkbox\" name=\"acceptance\" value=\"1\" aria-invalid=\"false\" \/><span class=\"wpcf7-list-item-label\">I agree that my transmitted data may be <a href=\"\/en\/privacy-policy\/\">are recorded and stored.<\/a>.<\/span><\/label><\/span><\/span><\/span>\n<\/p><div class=\"wpcf7-response-output\" aria-hidden=\"true\"><\/div>\n<input type=\"hidden\" name=\"trp-form-language\" value=\"en\"\/><\/form>\n<\/div>\n\t\t\t\t<\/div>\n\t\t\t\t<\/div>\n\t\t\t\t<div class=\"elementor-element elementor-element-4e366a4 sc_height_huge sc_fly_static elementor-widget elementor-widget-spacer\" data-id=\"4e366a4\" data-element_type=\"widget\" data-e-type=\"widget\" data-widget_type=\"spacer.default\">\n\t\t\t\t<div class=\"elementor-widget-container\">\n\t\t\t\t\t\t\t<div class=\"elementor-spacer\">\n\t\t\t<div class=\"elementor-spacer-inner\"><\/div>\n\t\t<\/div>\n\t\t\t\t\t\t<\/div>\n\t\t\t\t<\/div>\n\t\t\t\t\t<\/div>\n\t\t<\/div>\n\t\t\t\t\t<\/div>\n\t\t<\/section>\n\t\t\t\t<section class=\"elementor-section elementor-top-section elementor-element elementor-element-63789d8 elementor-section-full_width elementor-section-height-default elementor-section-height-default sc_fly_static\" data-id=\"63789d8\" data-element_type=\"section\" data-e-type=\"section\">\n\t\t\t\t\t\t<div class=\"elementor-container elementor-column-gap-no\">\n\t\t\t\t\t<div class=\"elementor-column elementor-col-100 elementor-top-column elementor-element elementor-element-5f2c850 sc_content_align_inherit sc_layouts_column_icons_position_left sc_fly_static\" data-id=\"5f2c850\" data-element_type=\"column\" data-e-type=\"column\">\n\t\t\t<div class=\"elementor-widget-wrap elementor-element-populated\">\n\t\t\t\t\t\t<div class=\"elementor-element elementor-element-1a01ae4 sc_fly_static elementor-widget elementor-widget-trx_sc_googlemap\" data-id=\"1a01ae4\" data-element_type=\"widget\" data-e-type=\"widget\" data-widget_type=\"trx_sc_googlemap.default\">\n\t\t\t\t<div class=\"elementor-widget-container\">\n\t\t\t\t\t<div id=\"sc_googlemap_1502332373_wrap\" class=\"sc_googlemap_wrap\"><div id=\"sc_googlemap_1502332373\"\t\t\tclass=\"sc_item_content sc_map sc_googlemap sc_googlemap_default trx_addons_inline_943668584\"\n\t\t\t \t\t\tdata-zoom=\"12\"\n\t\t\tdata-center=\"\"\n\t\t\tdata-style=\"extra\"\n\t\t\tdata-map-id=\"\"\n\t\t\tdata-cluster-icon=\"\"\n\t\t\t><iframe\n\t\t\t\t\t\tsrc=\"https:\/\/maps.google.com\/maps?t=m&output=embed&iwloc=near&z=12&q=Auto+Forum+Lintel%2C+Kupferstra%C3%9Fe+24a%2C+33378+Rheda-Wiedenbr%C3%BCck%2C+Deutschland\"\n\t\t\t\t\t\taria-label=\"\"><\/iframe><\/div><\/div>\t\t\t\t<\/div>\n\t\t\t\t<\/div>\n\t\t\t\t\t<\/div>\n\t\t<\/div>\n\t\t\t\t\t<\/div>\n\t\t<\/section>\n\t\t\t\t<\/div>","protected":false},"excerpt":{"rendered":"<p>Fragen? Nehmen Sie Kontakt mit uns auf! Sie interessieren sich f\u00fcr eines unserer Fahrzeuge oder haben Fragen zu Ankauf, Inzahlungnahme oder Finanzierung? Sie k\u00f6nnen uns per E-Mail, telefonisch oder ganz&hellip;<\/p>","protected":false},"author":1,"featured_media":0,"parent":0,"menu_order":0,"comment_status":"closed","ping_status":"closed","template":"","meta":{"footnotes":""},"class_list":["post-7346","page","type-page","status-publish","hentry"],"yoast_head":"<!-- This site is optimized with the Yoast SEO plugin v27.3 - https:\/\/yoast.com\/product\/yoast-seo-wordpress\/ -->\n<title>Kontakt | Auto Forum Lintel<\/title>\n<meta name=\"robots\" content=\"index, follow, max-snippet:-1, max-image-preview:large, max-video-preview:-1\" \/>\n<link rel=\"canonical\" href=\"https:\/\/autoforumlintel.de\/en\/kontakt\/\" \/>\n<meta property=\"og:locale\" content=\"en_US\" \/>\n<meta property=\"og:type\" content=\"article\" \/>\n<meta property=\"og:title\" content=\"Kontakt | Auto Forum Lintel\" \/>\n<meta property=\"og:description\" content=\"Fragen? Nehmen Sie Kontakt mit uns auf! Sie interessieren sich f\u00fcr eines unserer Fahrzeuge oder haben Fragen zu Ankauf, Inzahlungnahme oder Finanzierung? Sie k\u00f6nnen uns per E-Mail, telefonisch oder ganz&hellip;\" \/>\n<meta property=\"og:url\" content=\"https:\/\/autoforumlintel.de\/en\/kontakt\/\" \/>\n<meta property=\"og:site_name\" content=\"Auto Forum Lintel\" \/>\n<meta property=\"article:modified_time\" content=\"2025-11-13T11:20:35+00:00\" \/>\n<meta property=\"og:image\" content=\"https:\/\/autoforumlintel.de\/wp-content\/uploads\/2025\/11\/stylish-businessman-working-near-car-scaled-e1763013640199.jpg\" \/>\n\t<meta property=\"og:image:width\" content=\"2556\" \/>\n\t<meta property=\"og:image:height\" content=\"853\" \/>\n\t<meta property=\"og:image:type\" content=\"image\/jpeg\" \/>\n<meta name=\"twitter:card\" content=\"summary_large_image\" \/>\n<meta name=\"twitter:label1\" content=\"Est. reading time\" \/>\n\t<meta name=\"twitter:data1\" content=\"1 minute\" \/>\n<script type=\"application\/ld+json\" class=\"yoast-schema-graph\">{\"@context\":\"https:\\\/\\\/schema.org\",\"@graph\":[{\"@type\":\"WebPage\",\"@id\":\"https:\\\/\\\/autoforumlintel.de\\\/kontakt\\\/\",\"url\":\"https:\\\/\\\/autoforumlintel.de\\\/kontakt\\\/\",\"name\":\"Kontakt | Auto Forum Lintel\",\"isPartOf\":{\"@id\":\"https:\\\/\\\/autoforumlintel.de\\\/#website\"},\"primaryImageOfPage\":{\"@id\":\"https:\\\/\\\/autoforumlintel.de\\\/kontakt\\\/#primaryimage\"},\"image\":{\"@id\":\"https:\\\/\\\/autoforumlintel.de\\\/kontakt\\\/#primaryimage\"},\"thumbnailUrl\":\"https:\\\/\\\/autoforumlintel.de\\\/wp-content\\\/uploads\\\/2025\\\/11\\\/stylish-businessman-working-near-car-scaled-e1763013640199.jpg\",\"datePublished\":\"2025-11-13T05:45:39+00:00\",\"dateModified\":\"2025-11-13T11:20:35+00:00\",\"breadcrumb\":{\"@id\":\"https:\\\/\\\/autoforumlintel.de\\\/kontakt\\\/#breadcrumb\"},\"inLanguage\":\"en-US\",\"potentialAction\":[{\"@type\":\"ReadAction\",\"target\":[\"https:\\\/\\\/autoforumlintel.de\\\/kontakt\\\/\"]}]},{\"@type\":\"ImageObject\",\"inLanguage\":\"en-US\",\"@id\":\"https:\\\/\\\/autoforumlintel.de\\\/kontakt\\\/#primaryimage\",\"url\":\"https:\\\/\\\/autoforumlintel.de\\\/wp-content\\\/uploads\\\/2025\\\/11\\\/stylish-businessman-working-near-car-scaled-e1763013640199.jpg\",\"contentUrl\":\"https:\\\/\\\/autoforumlintel.de\\\/wp-content\\\/uploads\\\/2025\\\/11\\\/stylish-businessman-working-near-car-scaled-e1763013640199.jpg\"},{\"@type\":\"BreadcrumbList\",\"@id\":\"https:\\\/\\\/autoforumlintel.de\\\/kontakt\\\/#breadcrumb\",\"itemListElement\":[{\"@type\":\"ListItem\",\"position\":1,\"name\":\"Startseite\",\"item\":\"https:\\\/\\\/autoforumlintel.de\\\/\"},{\"@type\":\"ListItem\",\"position\":2,\"name\":\"Kontakt\"}]},{\"@type\":\"WebSite\",\"@id\":\"https:\\\/\\\/autoforumlintel.de\\\/#website\",\"url\":\"https:\\\/\\\/autoforumlintel.de\\\/\",\"name\":\"Auto Forum Lintel\",\"description\":\"Ihr Gebrauchtwagenh&auml;ndler in Rheda-Wiedenbr&uuml;ck\",\"publisher\":{\"@id\":\"https:\\\/\\\/autoforumlintel.de\\\/#organization\"},\"potentialAction\":[{\"@type\":\"SearchAction\",\"target\":{\"@type\":\"EntryPoint\",\"urlTemplate\":\"https:\\\/\\\/autoforumlintel.de\\\/?s={search_term_string}\"},\"query-input\":{\"@type\":\"PropertyValueSpecification\",\"valueRequired\":true,\"valueName\":\"search_term_string\"}}],\"inLanguage\":\"en-US\"},{\"@type\":\"Organization\",\"@id\":\"https:\\\/\\\/autoforumlintel.de\\\/#organization\",\"name\":\"Autoforum Lintel\",\"url\":\"https:\\\/\\\/autoforumlintel.de\\\/\",\"logo\":{\"@type\":\"ImageObject\",\"inLanguage\":\"en-US\",\"@id\":\"https:\\\/\\\/autoforumlintel.de\\\/#\\\/schema\\\/logo\\\/image\\\/\",\"url\":\"https:\\\/\\\/autoforumlintel.de\\\/wp-content\\\/uploads\\\/2025\\\/10\\\/logo-2.png\",\"contentUrl\":\"https:\\\/\\\/autoforumlintel.de\\\/wp-content\\\/uploads\\\/2025\\\/10\\\/logo-2.png\",\"width\":2106,\"height\":891,\"caption\":\"Autoforum Lintel\"},\"image\":{\"@id\":\"https:\\\/\\\/autoforumlintel.de\\\/#\\\/schema\\\/logo\\\/image\\\/\"},\"sameAs\":[\"https:\\\/\\\/www.instagram.com\\\/autoforumlintel\"]}]}<\/script>\n<!-- \/ Yoast SEO plugin. -->","yoast_head_json":{"title":"Kontakt | Auto Forum Lintel","robots":{"index":"index","follow":"follow","max-snippet":"max-snippet:-1","max-image-preview":"max-image-preview:large","max-video-preview":"max-video-preview:-1"},"canonical":"https:\/\/autoforumlintel.de\/en\/kontakt\/","og_locale":"en_US","og_type":"article","og_title":"Kontakt | Auto Forum Lintel","og_description":"Fragen? Nehmen Sie Kontakt mit uns auf! Sie interessieren sich f\u00fcr eines unserer Fahrzeuge oder haben Fragen zu Ankauf, Inzahlungnahme oder Finanzierung? Sie k\u00f6nnen uns per E-Mail, telefonisch oder ganz&hellip;","og_url":"https:\/\/autoforumlintel.de\/en\/kontakt\/","og_site_name":"Auto Forum Lintel","article_modified_time":"2025-11-13T11:20:35+00:00","og_image":[{"width":2556,"height":853,"url":"https:\/\/autoforumlintel.de\/wp-content\/uploads\/2025\/11\/stylish-businessman-working-near-car-scaled-e1763013640199.jpg","type":"image\/jpeg"}],"twitter_card":"summary_large_image","twitter_misc":{"Est. reading time":"1 minute"},"schema":{"@context":"https:\/\/schema.org","@graph":[{"@type":"WebPage","@id":"https:\/\/autoforumlintel.de\/kontakt\/","url":"https:\/\/autoforumlintel.de\/kontakt\/","name":"Kontakt | Auto Forum Lintel","isPartOf":{"@id":"https:\/\/autoforumlintel.de\/#website"},"primaryImageOfPage":{"@id":"https:\/\/autoforumlintel.de\/kontakt\/#primaryimage"},"image":{"@id":"https:\/\/autoforumlintel.de\/kontakt\/#primaryimage"},"thumbnailUrl":"https:\/\/autoforumlintel.de\/wp-content\/uploads\/2025\/11\/stylish-businessman-working-near-car-scaled-e1763013640199.jpg","datePublished":"2025-11-13T05:45:39+00:00","dateModified":"2025-11-13T11:20:35+00:00","breadcrumb":{"@id":"https:\/\/autoforumlintel.de\/kontakt\/#breadcrumb"},"inLanguage":"en-US","potentialAction":[{"@type":"ReadAction","target":["https:\/\/autoforumlintel.de\/kontakt\/"]}]},{"@type":"ImageObject","inLanguage":"en-US","@id":"https:\/\/autoforumlintel.de\/kontakt\/#primaryimage","url":"https:\/\/autoforumlintel.de\/wp-content\/uploads\/2025\/11\/stylish-businessman-working-near-car-scaled-e1763013640199.jpg","contentUrl":"https:\/\/autoforumlintel.de\/wp-content\/uploads\/2025\/11\/stylish-businessman-working-near-car-scaled-e1763013640199.jpg"},{"@type":"BreadcrumbList","@id":"https:\/\/autoforumlintel.de\/kontakt\/#breadcrumb","itemListElement":[{"@type":"ListItem","position":1,"name":"Startseite","item":"https:\/\/autoforumlintel.de\/"},{"@type":"ListItem","position":2,"name":"Kontakt"}]},{"@type":"WebSite","@id":"https:\/\/autoforumlintel.de\/#website","url":"https:\/\/autoforumlintel.de\/","name":"Auto Forum Lintel","description":"Ihr Gebrauchtwagenh&auml;ndler in Rheda-Wiedenbr&uuml;ck","publisher":{"@id":"https:\/\/autoforumlintel.de\/#organization"},"potentialAction":[{"@type":"SearchAction","target":{"@type":"EntryPoint","urlTemplate":"https:\/\/autoforumlintel.de\/?s={search_term_string}"},"query-input":{"@type":"PropertyValueSpecification","valueRequired":true,"valueName":"search_term_string"}}],"inLanguage":"en-US"},{"@type":"Organization","@id":"https:\/\/autoforumlintel.de\/#organization","name":"Autoforum Lintel","url":"https:\/\/autoforumlintel.de\/","logo":{"@type":"ImageObject","inLanguage":"en-US","@id":"https:\/\/autoforumlintel.de\/#\/schema\/logo\/image\/","url":"https:\/\/autoforumlintel.de\/wp-content\/uploads\/2025\/10\/logo-2.png","contentUrl":"https:\/\/autoforumlintel.de\/wp-content\/uploads\/2025\/10\/logo-2.png","width":2106,"height":891,"caption":"Autoforum Lintel"},"image":{"@id":"https:\/\/autoforumlintel.de\/#\/schema\/logo\/image\/"},"sameAs":["https:\/\/www.instagram.com\/autoforumlintel"]}]}},"_links":{"self":[{"href":"https:\/\/autoforumlintel.de\/en\/wp-json\/wp\/v2\/pages\/7346","targetHints":{"allow":["GET"]}}],"collection":[{"href":"https:\/\/autoforumlintel.de\/en\/wp-json\/wp\/v2\/pages"}],"about":[{"href":"https:\/\/autoforumlintel.de\/en\/wp-json\/wp\/v2\/types\/page"}],"author":[{"embeddable":true,"href":"https:\/\/autoforumlintel.de\/en\/wp-json\/wp\/v2\/users\/1"}],"replies":[{"embeddable":true,"href":"https:\/\/autoforumlintel.de\/en\/wp-json\/wp\/v2\/comments?post=7346"}],"version-history":[{"count":52,"href":"https:\/\/autoforumlintel.de\/en\/wp-json\/wp\/v2\/pages\/7346\/revisions"}],"predecessor-version":[{"id":7592,"href":"https:\/\/autoforumlintel.de\/en\/wp-json\/wp\/v2\/pages\/7346\/revisions\/7592"}],"wp:attachment":[{"href":"https:\/\/autoforumlintel.de\/en\/wp-json\/wp\/v2\/media?parent=7346"}],"curies":[{"name":"wp","href":"https:\/\/api.w.org\/{rel}","templated":true}]}}